{"id":122,"date":"2022-09-02T13:46:14","date_gmt":"2022-09-02T10:46:14","guid":{"rendered":"https:\/\/celmaksan.com\/en\/?page_id=122"},"modified":"2022-09-02T14:52:28","modified_gmt":"2022-09-02T11:52:28","slug":"factoryphotos","status":"publish","type":"page","link":"https:\/\/celmaksan.com\/en\/factoryphotos\/","title":{"rendered":"factoryphotos"},"content":{"rendered":"\t\t<div data-elementor-type=\"wp-page\" data-elementor-id=\"122\" class=\"elementor elementor-122\">\n\t\t\t\t\t\t\t\t\t<section class=\"elementor-section elementor-top-section elementor-element elementor-element-10d5fb3 elementor-section-height-min-height elementor-section-boxed elementor-section-height-default elementor-section-items-middle\" data-id=\"10d5fb3\" data-element_type=\"section\" data-settings=\"{&quot;background_background&quot;:&quot;classic&quot;}\">\n\t\t\t\t\t\t\t<div class=\"elementor-background-overlay\"><\/div>\n\t\t\t\t\t\t\t<div class=\"elementor-container elementor-column-gap-default\">\n\t\t\t\t\t<div class=\"elementor-column elementor-col-100 elementor-top-column elementor-element elementor-element-084fecb\" data-id=\"084fecb\" data-element_type=\"column\">\n\t\t\t<div class=\"elementor-widget-wrap elementor-element-populated\">\n\t\t\t\t\t\t\t\t<div class=\"elementor-element elementor-element-2ddb8e6 gallery-spacing-custom elementor-widget elementor-widget-image-gallery\" data-id=\"2ddb8e6\" data-element_type=\"widget\" data-widget_type=\"image-gallery.default\">\n\t\t\t\t<div class=\"elementor-widget-container\">\n\t\t\t<style>\/*! elementor - v3.7.3 - 29-08-2022 *\/\n.elementor-image-gallery .gallery-item{display:inline-block;text-align:center;vertical-align:top;width:100%;max-width:100%;margin:0 auto}.elementor-image-gallery .gallery-item img{margin:0 auto}.elementor-image-gallery .gallery-item .gallery-caption{margin:0}.elementor-image-gallery figure img{display:block}.elementor-image-gallery figure figcaption{width:100%}.gallery-spacing-custom .elementor-image-gallery .gallery-icon{padding:0}@media (min-width:768px){.elementor-image-gallery .gallery-columns-2 .gallery-item{max-width:50%}.elementor-image-gallery .gallery-columns-3 .gallery-item{max-width:33.33%}.elementor-image-gallery .gallery-columns-4 .gallery-item{max-width:25%}.elementor-image-gallery .gallery-columns-5 .gallery-item{max-width:20%}.elementor-image-gallery .gallery-columns-6 .gallery-item{max-width:16.666%}.elementor-image-gallery .gallery-columns-7 .gallery-item{max-width:14.28%}.elementor-image-gallery .gallery-columns-8 .gallery-item{max-width:12.5%}.elementor-image-gallery .gallery-columns-9 .gallery-item{max-width:11.11%}.elementor-image-gallery .gallery-columns-10 .gallery-item{max-width:10%}}@media (min-width:480px) and (max-width:767px){.elementor-image-gallery .gallery.gallery-columns-2 .gallery-item,.elementor-image-gallery .gallery.gallery-columns-3 .gallery-item,.elementor-image-gallery .gallery.gallery-columns-4 .gallery-item,.elementor-image-gallery .gallery.gallery-columns-5 .gallery-item,.elementor-image-gallery .gallery.gallery-columns-6 .gallery-item,.elementor-image-gallery .gallery.gallery-columns-7 .gallery-item,.elementor-image-gallery .gallery.gallery-columns-8 .gallery-item,.elementor-image-gallery .gallery.gallery-columns-9 .gallery-item,.elementor-image-gallery .gallery.gallery-columns-10 .gallery-item{max-width:50%}}@media (max-width:479px){.elementor-image-gallery .gallery.gallery-columns-2 .gallery-item,.elementor-image-gallery .gallery.gallery-columns-3 .gallery-item,.elementor-image-gallery .gallery.gallery-columns-4 .gallery-item,.elementor-image-gallery .gallery.gallery-columns-5 .gallery-item,.elementor-image-gallery .gallery.gallery-columns-6 .gallery-item,.elementor-image-gallery .gallery.gallery-columns-7 .gallery-item,.elementor-image-gallery .gallery.gallery-columns-8 .gallery-item,.elementor-image-gallery .gallery.gallery-columns-9 .gallery-item,.elementor-image-gallery .gallery.gallery-columns-10 .gallery-item{max-width:100%}}<\/style>\t\t<div class=\"elementor-image-gallery\">\n\t\t\t<div id='gallery-1' class='gallery galleryid-122 gallery-columns-4 gallery-size-medium'><figure class='gallery-item'>\n\t\t\t<div class='gallery-icon landscape'>\n\t\t\t\t<a data-elementor-open-lightbox=\"yes\" data-elementor-lightbox-slideshow=\"2ddb8e6\" data-elementor-lightbox-title=\"Ba\u015fl\u0131ks\u0131z-1 (1)\" e-action-hash=\"#elementor-action%3Aaction%3Dlightbox%26settings%3DeyJpZCI6MTU4LCJ1cmwiOiJodHRwczpcL1wvY2VsbWFrc2FuLmNvbVwvZW5cL3dwLWNvbnRlbnRcL3VwbG9hZHNcL3NpdGVzXC8yXC8yMDIyXC8wOVwvQmFzbGlrc2l6LTEtMS5wbmciLCJzbGlkZXNob3ciOiIyZGRiOGU2In0%3D\" href='https:\/\/celmaksan.com\/en\/wp-content\/uploads\/sites\/2\/2022\/09\/Basliksiz-1-1.png'><img width=\"300\" height=\"169\" src=\"https:\/\/celmaksan.com\/en\/wp-content\/uploads\/sites\/2\/2022\/09\/Basliksiz-1-1-300x169.png\" class=\"attachment-medium size-medium\" alt=\"\" loading=\"lazy\" srcset=\"https:\/\/celmaksan.com\/en\/wp-content\/uploads\/sites\/2\/2022\/09\/Basliksiz-1-1-300x169.png 300w, https:\/\/celmaksan.com\/en\/wp-content\/uploads\/sites\/2\/2022\/09\/Basliksiz-1-1-1024x576.png 1024w, https:\/\/celmaksan.com\/en\/wp-content\/uploads\/sites\/2\/2022\/09\/Basliksiz-1-1-768x432.png 768w, https:\/\/celmaksan.com\/en\/wp-content\/uploads\/sites\/2\/2022\/09\/Basliksiz-1-1-1536x864.png 1536w, https:\/\/celmaksan.com\/en\/wp-content\/uploads\/sites\/2\/2022\/09\/Basliksiz-1-1.png 1920w\" sizes=\"(max-width: 300px) 100vw, 300px\" \/><\/a>\n\t\t\t<\/div><\/figure><figure class='gallery-item'>\n\t\t\t<div class='gallery-icon landscape'>\n\t\t\t\t<a data-elementor-open-lightbox=\"yes\" data-elementor-lightbox-slideshow=\"2ddb8e6\" data-elementor-lightbox-title=\"Ba\u015fl\u0131ks\u0131z-2\" e-action-hash=\"#elementor-action%3Aaction%3Dlightbox%26settings%3DeyJpZCI6MTU5LCJ1cmwiOiJodHRwczpcL1wvY2VsbWFrc2FuLmNvbVwvZW5cL3dwLWNvbnRlbnRcL3VwbG9hZHNcL3NpdGVzXC8yXC8yMDIyXC8wOVwvQmFzbGlrc2l6LTIucG5nIiwic2xpZGVzaG93IjoiMmRkYjhlNiJ9\" href='https:\/\/celmaksan.com\/en\/wp-content\/uploads\/sites\/2\/2022\/09\/Basliksiz-2.png'><img width=\"300\" height=\"169\" src=\"https:\/\/celmaksan.com\/en\/wp-content\/uploads\/sites\/2\/2022\/09\/Basliksiz-2-300x169.png\" class=\"attachment-medium size-medium\" alt=\"\" loading=\"lazy\" srcset=\"https:\/\/celmaksan.com\/en\/wp-content\/uploads\/sites\/2\/2022\/09\/Basliksiz-2-300x169.png 300w, https:\/\/celmaksan.com\/en\/wp-content\/uploads\/sites\/2\/2022\/09\/Basliksiz-2-1024x576.png 1024w, https:\/\/celmaksan.com\/en\/wp-content\/uploads\/sites\/2\/2022\/09\/Basliksiz-2-768x432.png 768w, https:\/\/celmaksan.com\/en\/wp-content\/uploads\/sites\/2\/2022\/09\/Basliksiz-2-1536x864.png 1536w, https:\/\/celmaksan.com\/en\/wp-content\/uploads\/sites\/2\/2022\/09\/Basliksiz-2.png 1920w\" sizes=\"(max-width: 300px) 100vw, 300px\" \/><\/a>\n\t\t\t<\/div><\/figure><figure class='gallery-item'>\n\t\t\t<div class='gallery-icon landscape'>\n\t\t\t\t<a data-elementor-open-lightbox=\"yes\" data-elementor-lightbox-slideshow=\"2ddb8e6\" data-elementor-lightbox-title=\"Ba\u015fl\u0131ks\u0131z-3\" e-action-hash=\"#elementor-action%3Aaction%3Dlightbox%26settings%3DeyJpZCI6MTYwLCJ1cmwiOiJodHRwczpcL1wvY2VsbWFrc2FuLmNvbVwvZW5cL3dwLWNvbnRlbnRcL3VwbG9hZHNcL3NpdGVzXC8yXC8yMDIyXC8wOVwvQmFzbGlrc2l6LTMucG5nIiwic2xpZGVzaG93IjoiMmRkYjhlNiJ9\" href='https:\/\/celmaksan.com\/en\/wp-content\/uploads\/sites\/2\/2022\/09\/Basliksiz-3.png'><img width=\"300\" height=\"169\" src=\"https:\/\/celmaksan.com\/en\/wp-content\/uploads\/sites\/2\/2022\/09\/Basliksiz-3-300x169.png\" class=\"attachment-medium size-medium\" alt=\"\" loading=\"lazy\" srcset=\"https:\/\/celmaksan.com\/en\/wp-content\/uploads\/sites\/2\/2022\/09\/Basliksiz-3-300x169.png 300w, https:\/\/celmaksan.com\/en\/wp-content\/uploads\/sites\/2\/2022\/09\/Basliksiz-3-1024x576.png 1024w, https:\/\/celmaksan.com\/en\/wp-content\/uploads\/sites\/2\/2022\/09\/Basliksiz-3-768x432.png 768w, https:\/\/celmaksan.com\/en\/wp-content\/uploads\/sites\/2\/2022\/09\/Basliksiz-3-1536x864.png 1536w, https:\/\/celmaksan.com\/en\/wp-content\/uploads\/sites\/2\/2022\/09\/Basliksiz-3.png 1920w\" sizes=\"(max-width: 300px) 100vw, 300px\" \/><\/a>\n\t\t\t<\/div><\/figure><figure class='gallery-item'>\n\t\t\t<div class='gallery-icon landscape'>\n\t\t\t\t<a data-elementor-open-lightbox=\"yes\" data-elementor-lightbox-slideshow=\"2ddb8e6\" data-elementor-lightbox-title=\"default\" e-action-hash=\"#elementor-action%3Aaction%3Dlightbox%26settings%3DeyJpZCI6MTYxLCJ1cmwiOiJodHRwczpcL1wvY2VsbWFrc2FuLmNvbVwvZW5cL3dwLWNvbnRlbnRcL3VwbG9hZHNcL3NpdGVzXC8yXC8yMDIyXC8wOVwvREpJXzA1MDMtc2NhbGVkLmpwZyIsInNsaWRlc2hvdyI6IjJkZGI4ZTYifQ%3D%3D\" href='https:\/\/celmaksan.com\/en\/wp-content\/uploads\/sites\/2\/2022\/09\/DJI_0503-scaled.jpg'><img width=\"300\" height=\"169\" src=\"https:\/\/celmaksan.com\/en\/wp-content\/uploads\/sites\/2\/2022\/09\/DJI_0503-300x169.jpg\" class=\"attachment-medium size-medium\" alt=\"\" loading=\"lazy\" srcset=\"https:\/\/celmaksan.com\/en\/wp-content\/uploads\/sites\/2\/2022\/09\/DJI_0503-300x169.jpg 300w, https:\/\/celmaksan.com\/en\/wp-content\/uploads\/sites\/2\/2022\/09\/DJI_0503-1024x576.jpg 1024w, https:\/\/celmaksan.com\/en\/wp-content\/uploads\/sites\/2\/2022\/09\/DJI_0503-768x432.jpg 768w, https:\/\/celmaksan.com\/en\/wp-content\/uploads\/sites\/2\/2022\/09\/DJI_0503-1536x864.jpg 1536w, https:\/\/celmaksan.com\/en\/wp-content\/uploads\/sites\/2\/2022\/09\/DJI_0503-2048x1152.jpg 2048w\" sizes=\"(max-width: 300px) 100vw, 300px\" \/><\/a>\n\t\t\t<\/div><\/figure><figure class='gallery-item'>\n\t\t\t<div class='gallery-icon landscape'>\n\t\t\t\t<a data-elementor-open-lightbox=\"yes\" data-elementor-lightbox-slideshow=\"2ddb8e6\" data-elementor-lightbox-title=\"default\" e-action-hash=\"#elementor-action%3Aaction%3Dlightbox%26settings%3DeyJpZCI6MTYyLCJ1cmwiOiJodHRwczpcL1wvY2VsbWFrc2FuLmNvbVwvZW5cL3dwLWNvbnRlbnRcL3VwbG9hZHNcL3NpdGVzXC8yXC8yMDIyXC8wOVwvREpJXzA1MDQtc2NhbGVkLmpwZyIsInNsaWRlc2hvdyI6IjJkZGI4ZTYifQ%3D%3D\" href='https:\/\/celmaksan.com\/en\/wp-content\/uploads\/sites\/2\/2022\/09\/DJI_0504-scaled.jpg'><img width=\"300\" height=\"169\" src=\"https:\/\/celmaksan.com\/en\/wp-content\/uploads\/sites\/2\/2022\/09\/DJI_0504-300x169.jpg\" class=\"attachment-medium size-medium\" alt=\"\" loading=\"lazy\" srcset=\"https:\/\/celmaksan.com\/en\/wp-content\/uploads\/sites\/2\/2022\/09\/DJI_0504-300x169.jpg 300w, https:\/\/celmaksan.com\/en\/wp-content\/uploads\/sites\/2\/2022\/09\/DJI_0504-1024x576.jpg 1024w, https:\/\/celmaksan.com\/en\/wp-content\/uploads\/sites\/2\/2022\/09\/DJI_0504-768x432.jpg 768w, https:\/\/celmaksan.com\/en\/wp-content\/uploads\/sites\/2\/2022\/09\/DJI_0504-1536x864.jpg 1536w, https:\/\/celmaksan.com\/en\/wp-content\/uploads\/sites\/2\/2022\/09\/DJI_0504-2048x1152.jpg 2048w\" sizes=\"(max-width: 300px) 100vw, 300px\" \/><\/a>\n\t\t\t<\/div><\/figure><figure class='gallery-item'>\n\t\t\t<div class='gallery-icon landscape'>\n\t\t\t\t<a data-elementor-open-lightbox=\"yes\" data-elementor-lightbox-slideshow=\"2ddb8e6\" data-elementor-lightbox-title=\"default\" e-action-hash=\"#elementor-action%3Aaction%3Dlightbox%26settings%3DeyJpZCI6MTY0LCJ1cmwiOiJodHRwczpcL1wvY2VsbWFrc2FuLmNvbVwvZW5cL3dwLWNvbnRlbnRcL3VwbG9hZHNcL3NpdGVzXC8yXC8yMDIyXC8wOVwvREpJXzA1MDUtc2NhbGVkLmpwZyIsInNsaWRlc2hvdyI6IjJkZGI4ZTYifQ%3D%3D\" href='https:\/\/celmaksan.com\/en\/wp-content\/uploads\/sites\/2\/2022\/09\/DJI_0505-scaled.jpg'><img width=\"300\" height=\"169\" src=\"https:\/\/celmaksan.com\/en\/wp-content\/uploads\/sites\/2\/2022\/09\/DJI_0505-300x169.jpg\" class=\"attachment-medium size-medium\" alt=\"\" loading=\"lazy\" srcset=\"https:\/\/celmaksan.com\/en\/wp-content\/uploads\/sites\/2\/2022\/09\/DJI_0505-300x169.jpg 300w, https:\/\/celmaksan.com\/en\/wp-content\/uploads\/sites\/2\/2022\/09\/DJI_0505-1024x576.jpg 1024w, https:\/\/celmaksan.com\/en\/wp-content\/uploads\/sites\/2\/2022\/09\/DJI_0505-768x432.jpg 768w, https:\/\/celmaksan.com\/en\/wp-content\/uploads\/sites\/2\/2022\/09\/DJI_0505-1536x864.jpg 1536w, https:\/\/celmaksan.com\/en\/wp-content\/uploads\/sites\/2\/2022\/09\/DJI_0505-2048x1152.jpg 2048w\" sizes=\"(max-width: 300px) 100vw, 300px\" \/><\/a>\n\t\t\t<\/div><\/figure><figure class='gallery-item'>\n\t\t\t<div class='gallery-icon landscape'>\n\t\t\t\t<a data-elementor-open-lightbox=\"yes\" data-elementor-lightbox-slideshow=\"2ddb8e6\" data-elementor-lightbox-title=\"default\" e-action-hash=\"#elementor-action%3Aaction%3Dlightbox%26settings%3DeyJpZCI6MTY1LCJ1cmwiOiJodHRwczpcL1wvY2VsbWFrc2FuLmNvbVwvZW5cL3dwLWNvbnRlbnRcL3VwbG9hZHNcL3NpdGVzXC8yXC8yMDIyXC8wOVwvREpJXzA1MDYtc2NhbGVkLmpwZyIsInNsaWRlc2hvdyI6IjJkZGI4ZTYifQ%3D%3D\" href='https:\/\/celmaksan.com\/en\/wp-content\/uploads\/sites\/2\/2022\/09\/DJI_0506-scaled.jpg'><img width=\"300\" height=\"169\" src=\"https:\/\/celmaksan.com\/en\/wp-content\/uploads\/sites\/2\/2022\/09\/DJI_0506-300x169.jpg\" class=\"attachment-medium size-medium\" alt=\"\" loading=\"lazy\" srcset=\"https:\/\/celmaksan.com\/en\/wp-content\/uploads\/sites\/2\/2022\/09\/DJI_0506-300x169.jpg 300w, https:\/\/celmaksan.com\/en\/wp-content\/uploads\/sites\/2\/2022\/09\/DJI_0506-1024x576.jpg 1024w, https:\/\/celmaksan.com\/en\/wp-content\/uploads\/sites\/2\/2022\/09\/DJI_0506-768x432.jpg 768w, https:\/\/celmaksan.com\/en\/wp-content\/uploads\/sites\/2\/2022\/09\/DJI_0506-1536x864.jpg 1536w, https:\/\/celmaksan.com\/en\/wp-content\/uploads\/sites\/2\/2022\/09\/DJI_0506-2048x1152.jpg 2048w\" sizes=\"(max-width: 300px) 100vw, 300px\" \/><\/a>\n\t\t\t<\/div><\/figure><figure class='gallery-item'>\n\t\t\t<div class='gallery-icon landscape'>\n\t\t\t\t<a data-elementor-open-lightbox=\"yes\" data-elementor-lightbox-slideshow=\"2ddb8e6\" data-elementor-lightbox-title=\"default\" e-action-hash=\"#elementor-action%3Aaction%3Dlightbox%26settings%3DeyJpZCI6MTY2LCJ1cmwiOiJodHRwczpcL1wvY2VsbWFrc2FuLmNvbVwvZW5cL3dwLWNvbnRlbnRcL3VwbG9hZHNcL3NpdGVzXC8yXC8yMDIyXC8wOVwvREpJXzA1MDgtc2NhbGVkLmpwZyIsInNsaWRlc2hvdyI6IjJkZGI4ZTYifQ%3D%3D\" href='https:\/\/celmaksan.com\/en\/wp-content\/uploads\/sites\/2\/2022\/09\/DJI_0508-scaled.jpg'><img width=\"300\" height=\"169\" src=\"https:\/\/celmaksan.com\/en\/wp-content\/uploads\/sites\/2\/2022\/09\/DJI_0508-300x169.jpg\" class=\"attachment-medium size-medium\" alt=\"\" loading=\"lazy\" srcset=\"https:\/\/celmaksan.com\/en\/wp-content\/uploads\/sites\/2\/2022\/09\/DJI_0508-300x169.jpg 300w, https:\/\/celmaksan.com\/en\/wp-content\/uploads\/sites\/2\/2022\/09\/DJI_0508-1024x576.jpg 1024w, https:\/\/celmaksan.com\/en\/wp-content\/uploads\/sites\/2\/2022\/09\/DJI_0508-768x432.jpg 768w, https:\/\/celmaksan.com\/en\/wp-content\/uploads\/sites\/2\/2022\/09\/DJI_0508-1536x864.jpg 1536w, https:\/\/celmaksan.com\/en\/wp-content\/uploads\/sites\/2\/2022\/09\/DJI_0508-2048x1152.jpg 2048w\" sizes=\"(max-width: 300px) 100vw, 300px\" \/><\/a>\n\t\t\t<\/div><\/figure><figure class='gallery-item'>\n\t\t\t<div class='gallery-icon landscape'>\n\t\t\t\t<a data-elementor-open-lightbox=\"yes\" data-elementor-lightbox-slideshow=\"2ddb8e6\" data-elementor-lightbox-title=\"default\" e-action-hash=\"#elementor-action%3Aaction%3Dlightbox%26settings%3DeyJpZCI6MTY3LCJ1cmwiOiJodHRwczpcL1wvY2VsbWFrc2FuLmNvbVwvZW5cL3dwLWNvbnRlbnRcL3VwbG9hZHNcL3NpdGVzXC8yXC8yMDIyXC8wOVwvREpJXzA1MTgtc2NhbGVkLmpwZyIsInNsaWRlc2hvdyI6IjJkZGI4ZTYifQ%3D%3D\" href='https:\/\/celmaksan.com\/en\/wp-content\/uploads\/sites\/2\/2022\/09\/DJI_0518-scaled.jpg'><img width=\"300\" height=\"169\" src=\"https:\/\/celmaksan.com\/en\/wp-content\/uploads\/sites\/2\/2022\/09\/DJI_0518-300x169.jpg\" class=\"attachment-medium size-medium\" alt=\"\" loading=\"lazy\" srcset=\"https:\/\/celmaksan.com\/en\/wp-content\/uploads\/sites\/2\/2022\/09\/DJI_0518-300x169.jpg 300w, https:\/\/celmaksan.com\/en\/wp-content\/uploads\/sites\/2\/2022\/09\/DJI_0518-1024x576.jpg 1024w, https:\/\/celmaksan.com\/en\/wp-content\/uploads\/sites\/2\/2022\/09\/DJI_0518-768x432.jpg 768w, https:\/\/celmaksan.com\/en\/wp-content\/uploads\/sites\/2\/2022\/09\/DJI_0518-1536x864.jpg 1536w, https:\/\/celmaksan.com\/en\/wp-content\/uploads\/sites\/2\/2022\/09\/DJI_0518-2048x1152.jpg 2048w\" sizes=\"(max-width: 300px) 100vw, 300px\" \/><\/a>\n\t\t\t<\/div><\/figure><figure class='gallery-item'>\n\t\t\t<div class='gallery-icon landscape'>\n\t\t\t\t<a data-elementor-open-lightbox=\"yes\" data-elementor-lightbox-slideshow=\"2ddb8e6\" data-elementor-lightbox-title=\"default\" e-action-hash=\"#elementor-action%3Aaction%3Dlightbox%26settings%3DeyJpZCI6MTY4LCJ1cmwiOiJodHRwczpcL1wvY2VsbWFrc2FuLmNvbVwvZW5cL3dwLWNvbnRlbnRcL3VwbG9hZHNcL3NpdGVzXC8yXC8yMDIyXC8wOVwvREpJXzA1MTktc2NhbGVkLmpwZyIsInNsaWRlc2hvdyI6IjJkZGI4ZTYifQ%3D%3D\" href='https:\/\/celmaksan.com\/en\/wp-content\/uploads\/sites\/2\/2022\/09\/DJI_0519-scaled.jpg'><img width=\"300\" height=\"169\" src=\"https:\/\/celmaksan.com\/en\/wp-content\/uploads\/sites\/2\/2022\/09\/DJI_0519-300x169.jpg\" class=\"attachment-medium size-medium\" alt=\"\" loading=\"lazy\" srcset=\"https:\/\/celmaksan.com\/en\/wp-content\/uploads\/sites\/2\/2022\/09\/DJI_0519-300x169.jpg 300w, https:\/\/celmaksan.com\/en\/wp-content\/uploads\/sites\/2\/2022\/09\/DJI_0519-1024x576.jpg 1024w, https:\/\/celmaksan.com\/en\/wp-content\/uploads\/sites\/2\/2022\/09\/DJI_0519-768x432.jpg 768w, https:\/\/celmaksan.com\/en\/wp-content\/uploads\/sites\/2\/2022\/09\/DJI_0519-1536x864.jpg 1536w, https:\/\/celmaksan.com\/en\/wp-content\/uploads\/sites\/2\/2022\/09\/DJI_0519-2048x1152.jpg 2048w\" sizes=\"(max-width: 300px) 100vw, 300px\" \/><\/a>\n\t\t\t<\/div><\/figure><figure class='gallery-item'>\n\t\t\t<div class='gallery-icon landscape'>\n\t\t\t\t<a data-elementor-open-lightbox=\"yes\" data-elementor-lightbox-slideshow=\"2ddb8e6\" data-elementor-lightbox-title=\"default\" e-action-hash=\"#elementor-action%3Aaction%3Dlightbox%26settings%3DeyJpZCI6MTY5LCJ1cmwiOiJodHRwczpcL1wvY2VsbWFrc2FuLmNvbVwvZW5cL3dwLWNvbnRlbnRcL3VwbG9hZHNcL3NpdGVzXC8yXC8yMDIyXC8wOVwvREpJXzA1MjAtc2NhbGVkLmpwZyIsInNsaWRlc2hvdyI6IjJkZGI4ZTYifQ%3D%3D\" href='https:\/\/celmaksan.com\/en\/wp-content\/uploads\/sites\/2\/2022\/09\/DJI_0520-scaled.jpg'><img width=\"300\" height=\"169\" src=\"https:\/\/celmaksan.com\/en\/wp-content\/uploads\/sites\/2\/2022\/09\/DJI_0520-300x169.jpg\" class=\"attachment-medium size-medium\" alt=\"\" loading=\"lazy\" srcset=\"https:\/\/celmaksan.com\/en\/wp-content\/uploads\/sites\/2\/2022\/09\/DJI_0520-300x169.jpg 300w, https:\/\/celmaksan.com\/en\/wp-content\/uploads\/sites\/2\/2022\/09\/DJI_0520-1024x576.jpg 1024w, https:\/\/celmaksan.com\/en\/wp-content\/uploads\/sites\/2\/2022\/09\/DJI_0520-768x432.jpg 768w, https:\/\/celmaksan.com\/en\/wp-content\/uploads\/sites\/2\/2022\/09\/DJI_0520-1536x864.jpg 1536w, https:\/\/celmaksan.com\/en\/wp-content\/uploads\/sites\/2\/2022\/09\/DJI_0520-2048x1152.jpg 2048w\" sizes=\"(max-width: 300px) 100vw, 300px\" \/><\/a>\n\t\t\t<\/div><\/figure><figure class='gallery-item'>\n\t\t\t<div class='gallery-icon landscape'>\n\t\t\t\t<a data-elementor-open-lightbox=\"yes\" data-elementor-lightbox-slideshow=\"2ddb8e6\" data-elementor-lightbox-title=\"default\" e-action-hash=\"#elementor-action%3Aaction%3Dlightbox%26settings%3DeyJpZCI6MTcwLCJ1cmwiOiJodHRwczpcL1wvY2VsbWFrc2FuLmNvbVwvZW5cL3dwLWNvbnRlbnRcL3VwbG9hZHNcL3NpdGVzXC8yXC8yMDIyXC8wOVwvREpJXzA1MjEtc2NhbGVkLmpwZyIsInNsaWRlc2hvdyI6IjJkZGI4ZTYifQ%3D%3D\" href='https:\/\/celmaksan.com\/en\/wp-content\/uploads\/sites\/2\/2022\/09\/DJI_0521-scaled.jpg'><img width=\"300\" height=\"169\" src=\"https:\/\/celmaksan.com\/en\/wp-content\/uploads\/sites\/2\/2022\/09\/DJI_0521-300x169.jpg\" class=\"attachment-medium size-medium\" alt=\"\" loading=\"lazy\" srcset=\"https:\/\/celmaksan.com\/en\/wp-content\/uploads\/sites\/2\/2022\/09\/DJI_0521-300x169.jpg 300w, https:\/\/celmaksan.com\/en\/wp-content\/uploads\/sites\/2\/2022\/09\/DJI_0521-1024x576.jpg 1024w, https:\/\/celmaksan.com\/en\/wp-content\/uploads\/sites\/2\/2022\/09\/DJI_0521-768x432.jpg 768w, https:\/\/celmaksan.com\/en\/wp-content\/uploads\/sites\/2\/2022\/09\/DJI_0521-1536x864.jpg 1536w, https:\/\/celmaksan.com\/en\/wp-content\/uploads\/sites\/2\/2022\/09\/DJI_0521-2048x1152.jpg 2048w\" sizes=\"(max-width: 300px) 100vw, 300px\" \/><\/a>\n\t\t\t<\/div><\/figure><figure class='gallery-item'>\n\t\t\t<div class='gallery-icon landscape'>\n\t\t\t\t<a data-elementor-open-lightbox=\"yes\" data-elementor-lightbox-slideshow=\"2ddb8e6\" data-elementor-lightbox-title=\"default\" e-action-hash=\"#elementor-action%3Aaction%3Dlightbox%26settings%3DeyJpZCI6MTcxLCJ1cmwiOiJodHRwczpcL1wvY2VsbWFrc2FuLmNvbVwvZW5cL3dwLWNvbnRlbnRcL3VwbG9hZHNcL3NpdGVzXC8yXC8yMDIyXC8wOVwvREpJXzA1MjItc2NhbGVkLmpwZyIsInNsaWRlc2hvdyI6IjJkZGI4ZTYifQ%3D%3D\" href='https:\/\/celmaksan.com\/en\/wp-content\/uploads\/sites\/2\/2022\/09\/DJI_0522-scaled.jpg'><img width=\"300\" height=\"169\" src=\"https:\/\/celmaksan.com\/en\/wp-content\/uploads\/sites\/2\/2022\/09\/DJI_0522-300x169.jpg\" class=\"attachment-medium size-medium\" alt=\"\" loading=\"lazy\" srcset=\"https:\/\/celmaksan.com\/en\/wp-content\/uploads\/sites\/2\/2022\/09\/DJI_0522-300x169.jpg 300w, https:\/\/celmaksan.com\/en\/wp-content\/uploads\/sites\/2\/2022\/09\/DJI_0522-1024x576.jpg 1024w, https:\/\/celmaksan.com\/en\/wp-content\/uploads\/sites\/2\/2022\/09\/DJI_0522-768x432.jpg 768w, https:\/\/celmaksan.com\/en\/wp-content\/uploads\/sites\/2\/2022\/09\/DJI_0522-1536x864.jpg 1536w, https:\/\/celmaksan.com\/en\/wp-content\/uploads\/sites\/2\/2022\/09\/DJI_0522-2048x1152.jpg 2048w\" sizes=\"(max-width: 300px) 100vw, 300px\" \/><\/a>\n\t\t\t<\/div><\/figure>\n\t\t<\/div>\n\t\t<\/div>\n\t\t\t\t<\/div>\n\t\t\t\t<\/div>\n\t\t\t\t\t<\/div>\n\t\t<\/div>\n\t\t\t\t\t\t\t<\/div>\n\t\t<\/section>\n\t\t\t\t\t\t\t<\/div>\n\t\t","protected":false},"excerpt":{"rendered":"","protected":false},"author":1,"featured_media":0,"parent":0,"menu_order":0,"comment_status":"closed","ping_status":"closed","template":"elementor_header_footer","meta":[],"_links":{"self":[{"href":"https:\/\/celmaksan.com\/en\/wp-json\/wp\/v2\/pages\/122"}],"collection":[{"href":"https:\/\/celmaksan.com\/en\/wp-json\/wp\/v2\/pages"}],"about":[{"href":"https:\/\/celmaksan.com\/en\/wp-json\/wp\/v2\/types\/page"}],"author":[{"embeddable":true,"href":"https:\/\/celmaksan.com\/en\/wp-json\/wp\/v2\/users\/1"}],"replies":[{"embeddable":true,"href":"https:\/\/celmaksan.com\/en\/wp-json\/wp\/v2\/comments?post=122"}],"version-history":[{"count":7,"href":"https:\/\/celmaksan.com\/en\/wp-json\/wp\/v2\/pages\/122\/revisions"}],"predecessor-version":[{"id":196,"href":"https:\/\/celmaksan.com\/en\/wp-json\/wp\/v2\/pages\/122\/revisions\/196"}],"wp:attachment":[{"href":"https:\/\/celmaksan.com\/en\/wp-json\/wp\/v2\/media?parent=122"}],"curies":[{"name":"wp","href":"https:\/\/api.w.org\/{rel}","templated":true}]}}