{"id":218,"date":"2022-09-02T15:13:34","date_gmt":"2022-09-02T12:13:34","guid":{"rendered":"https:\/\/celmaksan.com\/en\/?page_id=218"},"modified":"2022-09-06T17:36:13","modified_gmt":"2022-09-06T14:36:13","slug":"contact","status":"publish","type":"page","link":"https:\/\/celmaksan.com\/en\/contact\/","title":{"rendered":"contact"},"content":{"rendered":"\t\t<div data-elementor-type=\"wp-page\" data-elementor-id=\"218\" class=\"elementor elementor-218\">\n\t\t\t\t\t\t\t\t\t<section class=\"elementor-section elementor-top-section elementor-element elementor-element-5ab6002 elementor-section-height-min-height elementor-section-boxed elementor-section-height-default elementor-section-items-middle\" data-id=\"5ab6002\" data-element_type=\"section\" data-settings=\"{&quot;background_background&quot;:&quot;classic&quot;}\">\n\t\t\t\t\t\t<div class=\"elementor-container elementor-column-gap-default\">\n\t\t\t\t\t<div class=\"elementor-column elementor-col-100 elementor-top-column elementor-element elementor-element-2853099\" data-id=\"2853099\" data-element_type=\"column\">\n\t\t\t<div class=\"elementor-widget-wrap elementor-element-populated\">\n\t\t\t\t\t\t\t\t<div class=\"elementor-element elementor-element-d0a1674 elementor-widget elementor-widget-heading\" data-id=\"d0a1674\" data-element_type=\"widget\" data-widget_type=\"heading.default\">\n\t\t\t\t<div class=\"elementor-widget-container\">\n\t\t\t<style>\/*! elementor - v3.7.3 - 29-08-2022 *\/\n.elementor-heading-title{padding:0;margin:0;line-height:1}.elementor-widget-heading .elementor-heading-title[class*=elementor-size-]>a{color:inherit;font-size:inherit;line-height:inherit}.elementor-widget-heading .elementor-heading-title.elementor-size-small{font-size:15px}.elementor-widget-heading .elementor-heading-title.elementor-size-medium{font-size:19px}.elementor-widget-heading .elementor-heading-title.elementor-size-large{font-size:29px}.elementor-widget-heading .elementor-heading-title.elementor-size-xl{font-size:39px}.elementor-widget-heading .elementor-heading-title.elementor-size-xxl{font-size:59px}<\/style><h2 class=\"elementor-heading-title elementor-size-default\">YOUR PREFERENCES OUR SOLUTIONS ARE PERFECT WITH US...<\/h2>\t\t<\/div>\n\t\t\t\t<\/div>\n\t\t\t\t\t<\/div>\n\t\t<\/div>\n\t\t\t\t\t\t\t<\/div>\n\t\t<\/section>\n\t\t\t\t<section class=\"elementor-section elementor-top-section elementor-element elementor-element-042417e elementor-section-height-min-height elementor-section-boxed elementor-section-height-default elementor-section-items-middle\" data-id=\"042417e\" data-element_type=\"section\" data-settings=\"{&quot;background_background&quot;:&quot;classic&quot;}\">\n\t\t\t\t\t\t\t<div class=\"elementor-background-overlay\"><\/div>\n\t\t\t\t\t\t\t<div class=\"elementor-container elementor-column-gap-default\">\n\t\t\t\t\t<div class=\"elementor-column elementor-col-50 elementor-top-column elementor-element elementor-element-63e3768\" data-id=\"63e3768\" data-element_type=\"column\">\n\t\t\t<div class=\"elementor-widget-wrap elementor-element-populated\">\n\t\t\t\t\t\t\t\t<div class=\"elementor-element elementor-element-3b7de0b elementor-widget elementor-widget-text-editor\" data-id=\"3b7de0b\" data-element_type=\"widget\" data-widget_type=\"text-editor.default\">\n\t\t\t\t<div class=\"elementor-widget-container\">\n\t\t\t<style>\/*! elementor - v3.7.3 - 29-08-2022 *\/\n.elementor-widget-text-editor.elementor-drop-cap-view-stacked .elementor-drop-cap{background-color:#818a91;color:#fff}.elementor-widget-text-editor.elementor-drop-cap-view-framed .elementor-drop-cap{color:#818a91;border:3px solid;background-color:transparent}.elementor-widget-text-editor:not(.elementor-drop-cap-view-default) .elementor-drop-cap{margin-top:8px}.elementor-widget-text-editor:not(.elementor-drop-cap-view-default) .elementor-drop-cap-letter{width:1em;height:1em}.elementor-widget-text-editor .elementor-drop-cap{float:left;text-align:center;line-height:1;font-size:50px}.elementor-widget-text-editor .elementor-drop-cap-letter{display:inline-block}<\/style>\t\t\t\t<div class=\"col-12 col-md-4 col-lg-12 mb-lg-4 appear-animation animated fadeInLeftShorter appear-animation-visible\" data-appear-animation=\"fadeInLeftShorter\"><div class=\"icon-box icon-box-style-1\"><div class=\"icon-box-info mt-1\"><div class=\"icon-box-info-title\"><h3 class=\"font-weight-bold text-4 mb-0\">Address<\/h3><\/div><p><span style=\"color: #fbaf02;\"><a style=\"color: #fbaf02;\" href=\"https:\/\/www.google.com\/maps\/place\/Recep+Tayyip+Erdo%C4%9Fan+Blv.+No:15,+06909+Mal%C4%B1k%C3%B6y+Ba%C5%9Fkent+Osb%2FSincan%2FAnkara\/@39.7895956,32.3765591,17z\/data=!3m1!4b1!4m5!3m4!1s0x14d31d96046df451:0xa222fdb4c6961f6b!8m2!3d39.7895915!4d32.3787478\">Ba\u015fkent Organize Sanayi B\u00f6lgesi Recep Tayyip Erdo\u011fan Bulvar\u0131 No:15 Mal\u0131k\u00f6y \u2013 Sincan Ankara \/ T\u00fcrkiye<\/a><\/span><\/p><\/div><\/div><\/div><div class=\"col-12 col-md-4 col-lg-12 mb-lg-4 appear-animation animated fadeInLeftShorter appear-animation-visible\" data-appear-animation=\"fadeInLeftShorter\" data-appear-animation-delay=\"200\"><div class=\"icon-box icon-box-style-1\"><div class=\"icon-box-icon icon-box-icon-no-top\">\u00a0<\/div><div class=\"icon-box-info mt-1\"><div class=\"icon-box-info-title\"><h3 class=\"font-weight-bold text-4 mb-0\">Email Address<\/h3><\/div><p><span style=\"color: #fbaf02;\"><a style=\"color: #fbaf02;\" href=\"mailto:export@celmaksan.com\">export@celmaksan.com<\/a><\/span><\/p><p><span style=\"color: #fbaf02;\"><a style=\"color: #fbaf02;\" href=\"mailto:celmaksan@celmaksan.com\">celmaksan@celmaksan.com<\/a><\/span><\/p><\/div><\/div><\/div><div class=\"col-12 col-md-4 col-lg-12 appear-animation animated fadeInLeftShorter appear-animation-visible\" data-appear-animation=\"fadeInLeftShorter\" data-appear-animation-delay=\"400\"><div class=\"icon-box icon-box-style-1\"><div class=\"icon-box-icon\">\u00a0<\/div><div class=\"icon-box-info mt-1\"><div class=\"icon-box-info-title\"><h3 class=\"font-weight-bold text-4 mb-0\">Phone No:<\/h3><\/div><p><span style=\"color: #fbaf02;\"><a style=\"color: #fbaf02;\" href=\"tel:+903126401440\">+90(312) 640 14 40<\/a>\u00a0&#8211;\u00a0<a style=\"color: #fbaf02;\" href=\"fax:+903126401444\">+90(312) 640 14 44<\/a><\/span><\/p><\/div><\/div><\/div>\t\t\t\t\t\t<\/div>\n\t\t\t\t<\/div>\n\t\t\t\t\t<\/div>\n\t\t<\/div>\n\t\t\t\t<div class=\"elementor-column elementor-col-50 elementor-top-column elementor-element elementor-element-f7e8ab5\" data-id=\"f7e8ab5\" data-element_type=\"column\">\n\t\t\t<div class=\"elementor-widget-wrap elementor-element-populated\">\n\t\t\t\t\t\t\t\t<div class=\"elementor-element elementor-element-7c0ca39 elementor-widget elementor-widget-shortcode\" data-id=\"7c0ca39\" data-element_type=\"widget\" data-widget_type=\"shortcode.default\">\n\t\t\t\t<div class=\"elementor-widget-container\">\n\t\t\t\t\t<div class=\"elementor-shortcode\"><div role=\"form\" class=\"wpcf7\" id=\"wpcf7-f325-o1\" lang=\"en-US\" dir=\"ltr\">\n<div class=\"screen-reader-response\"><p role=\"status\" aria-live=\"polite\" aria-atomic=\"true\"><\/p> <ul><\/ul><\/div>\n<form action=\"\/en\/wp-json\/wp\/v2\/pages\/218#wpcf7-f325-o1\" method=\"post\" class=\"wpcf7-form init\" novalidate=\"novalidate\" data-status=\"init\">\n<div style=\"display: none;\">\n<input type=\"hidden\" name=\"_wpcf7\" value=\"325\" \/>\n<input type=\"hidden\" name=\"_wpcf7_version\" value=\"5.6.3\" \/>\n<input type=\"hidden\" name=\"_wpcf7_locale\" value=\"en_US\" \/>\n<input type=\"hidden\" name=\"_wpcf7_unit_tag\" value=\"wpcf7-f325-o1\" \/>\n<input type=\"hidden\" name=\"_wpcf7_container_post\" value=\"0\" \/>\n<input type=\"hidden\" name=\"_wpcf7_posted_data_hash\" value=\"\" \/>\n<input type=\"hidden\" name=\"_wpcf7_recaptcha_response\" value=\"\" \/>\n<\/div>\n<div class =\"contact-form-wrapper>\n<div class=\"single-row\">\n<div class=\"single-column\">\n    <span class=\"wpcf7-form-control-wrap\" data-name=\"your-name\"><input type=\"text\" name=\"your-name\" value=\"\" size=\"40\" class=\"wpcf7-form-control wpcf7-text wpcf7-validates-as-required\" aria-required=\"true\" aria-invalid=\"false\" placeholder=\"Name\" \/><\/span>\n<\/div>\n<div class=\"single-column\">\n    <span class=\"wpcf7-form-control-wrap\" data-name=\"your-email\"><input type=\"email\" name=\"your-email\" value=\"\" size=\"40\" class=\"wpcf7-form-control wpcf7-text wpcf7-email wpcf7-validates-as-required wpcf7-validates-as-email\" aria-required=\"true\" aria-invalid=\"false\" placeholder=\"E-mail\" \/><\/span>\n<\/div>\n<\/div>\n<div class=\"single-row\">\n    <span class=\"wpcf7-form-control-wrap\" data-name=\"your-subject\"><input type=\"text\" name=\"your-subject\" value=\"\" size=\"40\" class=\"wpcf7-form-control wpcf7-text wpcf7-validates-as-required\" aria-required=\"true\" aria-invalid=\"false\" placeholder=\"Subject\" \/><\/span>\n<\/div>\n<div class=\"single-row\">\n    <span class=\"wpcf7-form-control-wrap\" data-name=\"your-message\"><textarea name=\"your-message\" cols=\"40\" rows=\"10\" class=\"wpcf7-form-control wpcf7-textarea\" aria-invalid=\"false\" placeholder=\"Message\"><\/textarea><\/span>\n<\/div>\n<div class=\"single-row\">\n<input type=\"submit\" value=\"Send\" class=\"wpcf7-form-control has-spinner wpcf7-submit\" \/>\n<\/div>\n<div class=\"wpcf7-response-output\" aria-hidden=\"true\"><\/div><\/form><\/div><\/div>\n\t\t\t\t<\/div>\n\t\t\t\t<\/div>\n\t\t\t\t\t<\/div>\n\t\t<\/div>\n\t\t\t\t\t\t\t<\/div>\n\t\t<\/section>\n\t\t\t\t\t\t\t<\/div>\n\t\t","protected":false},"excerpt":{"rendered":"<p>YOUR PREFERENCES OUR SOLUTIONS ARE PERFECT WITH US&#8230; Address Ba\u015fkent Organize Sanayi B\u00f6lgesi Recep Tayyip Erdo\u011fan Bulvar\u0131 No:15 Mal\u0131k\u00f6y \u2013 Sincan Ankara \/ T\u00fcrkiye \u00a0 Email Address export@celmaksan.com celmaksan@celmaksan.com \u00a0 Phone No: +90(312) 640 14 40\u00a0&#8211;\u00a0+90(312) 640 14 44<\/p>\n","protected":false},"author":1,"featured_media":0,"parent":0,"menu_order":0,"comment_status":"closed","ping_status":"closed","template":"elementor_header_footer","meta":[],"_links":{"self":[{"href":"https:\/\/celmaksan.com\/en\/wp-json\/wp\/v2\/pages\/218"}],"collection":[{"href":"https:\/\/celmaksan.com\/en\/wp-json\/wp\/v2\/pages"}],"about":[{"href":"https:\/\/celmaksan.com\/en\/wp-json\/wp\/v2\/types\/page"}],"author":[{"embeddable":true,"href":"https:\/\/celmaksan.com\/en\/wp-json\/wp\/v2\/users\/1"}],"replies":[{"embeddable":true,"href":"https:\/\/celmaksan.com\/en\/wp-json\/wp\/v2\/comments?post=218"}],"version-history":[{"count":25,"href":"https:\/\/celmaksan.com\/en\/wp-json\/wp\/v2\/pages\/218\/revisions"}],"predecessor-version":[{"id":367,"href":"https:\/\/celmaksan.com\/en\/wp-json\/wp\/v2\/pages\/218\/revisions\/367"}],"wp:attachment":[{"href":"https:\/\/celmaksan.com\/en\/wp-json\/wp\/v2\/media?parent=218"}],"curies":[{"name":"wp","href":"https:\/\/api.w.org\/{rel}","templated":true}]}}