{"id":245,"date":"2022-09-03T17:06:11","date_gmt":"2022-09-03T14:06:11","guid":{"rendered":"https:\/\/celmaksan.com\/fr\/?page_id=245"},"modified":"2022-09-06T17:47:36","modified_gmt":"2022-09-06T14:47:36","slug":"iletisim","status":"publish","type":"page","link":"https:\/\/celmaksan.com\/fr\/iletisim\/","title":{"rendered":"iletisim"},"content":{"rendered":"\t\t<div data-elementor-type=\"wp-page\" data-elementor-id=\"245\" class=\"elementor elementor-245\">\n\t\t\t\t\t\t\t\t\t<section class=\"elementor-section elementor-top-section elementor-element elementor-element-aa61f0c elementor-section-height-min-height elementor-section-boxed elementor-section-height-default elementor-section-items-middle\" data-id=\"aa61f0c\" data-element_type=\"section\" data-settings=\"{&quot;background_background&quot;:&quot;classic&quot;}\">\n\t\t\t\t\t\t<div class=\"elementor-container elementor-column-gap-default\">\n\t\t\t\t\t<div class=\"elementor-column elementor-col-100 elementor-top-column elementor-element elementor-element-5983232\" data-id=\"5983232\" data-element_type=\"column\">\n\t\t\t<div class=\"elementor-widget-wrap elementor-element-populated\">\n\t\t\t\t\t\t\t\t<div class=\"elementor-element elementor-element-7233750 elementor-widget elementor-widget-heading\" data-id=\"7233750\" data-element_type=\"widget\" data-widget_type=\"heading.default\">\n\t\t\t\t<div class=\"elementor-widget-container\">\n\t\t\t<style>\/*! elementor - v3.7.3 - 29-08-2022 *\/\n.elementor-heading-title{padding:0;margin:0;line-height:1}.elementor-widget-heading .elementor-heading-title[class*=elementor-size-]>a{color:inherit;font-size:inherit;line-height:inherit}.elementor-widget-heading .elementor-heading-title.elementor-size-small{font-size:15px}.elementor-widget-heading .elementor-heading-title.elementor-size-medium{font-size:19px}.elementor-widget-heading .elementor-heading-title.elementor-size-large{font-size:29px}.elementor-widget-heading .elementor-heading-title.elementor-size-xl{font-size:39px}.elementor-widget-heading .elementor-heading-title.elementor-size-xxl{font-size:59px}<\/style><h2 class=\"elementor-heading-title elementor-size-default\">VOS PR\u00c9F\u00c9RENCES NOS SOLUTIONS NOUS SOMMES PARFAITS ENSEMBLE...<\/h2>\t\t<\/div>\n\t\t\t\t<\/div>\n\t\t\t\t\t<\/div>\n\t\t<\/div>\n\t\t\t\t\t\t\t<\/div>\n\t\t<\/section>\n\t\t\t\t<section class=\"elementor-section elementor-top-section elementor-element elementor-element-353e4c2 elementor-section-height-min-height elementor-section-boxed elementor-section-height-default elementor-section-items-middle\" data-id=\"353e4c2\" data-element_type=\"section\" data-settings=\"{&quot;background_background&quot;:&quot;classic&quot;}\">\n\t\t\t\t\t\t\t<div class=\"elementor-background-overlay\"><\/div>\n\t\t\t\t\t\t\t<div class=\"elementor-container elementor-column-gap-default\">\n\t\t\t\t\t<div class=\"elementor-column elementor-col-50 elementor-top-column elementor-element elementor-element-d8a87f7\" data-id=\"d8a87f7\" data-element_type=\"column\">\n\t\t\t<div class=\"elementor-widget-wrap elementor-element-populated\">\n\t\t\t\t\t\t\t\t<div class=\"elementor-element elementor-element-3d93c9a elementor-widget elementor-widget-text-editor\" data-id=\"3d93c9a\" data-element_type=\"widget\" data-widget_type=\"text-editor.default\">\n\t\t\t\t<div class=\"elementor-widget-container\">\n\t\t\t<style>\/*! elementor - v3.7.3 - 29-08-2022 *\/\n.elementor-widget-text-editor.elementor-drop-cap-view-stacked .elementor-drop-cap{background-color:#818a91;color:#fff}.elementor-widget-text-editor.elementor-drop-cap-view-framed .elementor-drop-cap{color:#818a91;border:3px solid;background-color:transparent}.elementor-widget-text-editor:not(.elementor-drop-cap-view-default) .elementor-drop-cap{margin-top:8px}.elementor-widget-text-editor:not(.elementor-drop-cap-view-default) .elementor-drop-cap-letter{width:1em;height:1em}.elementor-widget-text-editor .elementor-drop-cap{float:left;text-align:center;line-height:1;font-size:50px}.elementor-widget-text-editor .elementor-drop-cap-letter{display:inline-block}<\/style>\t\t\t\t<div data-appear-animation=\"fadeInLeftShorter\"><div><div><div><h3><span style=\"color: #fbaf02;\">Adresse<\/span><\/h3><\/div><p><span style=\"color: #fbaf02;\"><a style=\"color: #fbaf02;\" href=\"https:\/\/www.google.com\/maps\/place\/Recep+Tayyip+Erdo%C4%9Fan+Blv.+No:15,+06909+Mal%C4%B1k%C3%B6y+Ba%C5%9Fkent+Osb%2FSincan%2FAnkara\/@39.7895956,32.3765591,17z\/data=!3m1!4b1!4m5!3m4!1s0x14d31d96046df451:0xa222fdb4c6961f6b!8m2!3d39.7895915!4d32.3787478\">Ba\u015fkent Organize Sanayi B\u00f6lgesi Recep Tayyip Erdo\u011fan Bulvar\u0131 No:15 Mal\u0131k\u00f6y \u2013 Sincan Ankara \/ T\u00fcrkiye<\/a><\/span><\/p><\/div><\/div><\/div><div data-appear-animation=\"fadeInLeftShorter\" data-appear-animation-delay=\"200\"><div>\u00a0<\/div><div><div><h3><span style=\"color: #fbaf02;\">Email Adresse<\/span><\/h3><\/div><p><span style=\"color: #fbaf02;\"><a style=\"color: #fbaf02;\" href=\"mailto:export@celmaksan.com\">export@celmaksan.com<\/a><\/span><\/p><p><span style=\"color: #fbaf02;\"><a style=\"color: #fbaf02;\" href=\"mailto:celmaksan@celmaksan.com\">celmaksan@celmaksan.com<\/a><\/span><\/p><\/div><\/div><div data-appear-animation=\"fadeInLeftShorter\" data-appear-animation-delay=\"400\"><div>\u00a0<\/div><div><div><h3 class=\"font-weight-bold text-4 mb-0\"><span style=\"color: #fbaf02;\">T\u00e9l\u00e9phone. Non:<\/span><\/h3><\/div><p><span style=\"color: #fbaf02;\"><a style=\"color: #fbaf02;\" href=\"tel:+903126401440\">+90(312) 640 14 40<\/a>\u00a0&#8211;\u00a0<a style=\"color: #fbaf02;\" href=\"fax:+903126401444\">+90(312) 640 14 44<\/a><\/span><\/p><\/div><\/div>\t\t\t\t\t\t<\/div>\n\t\t\t\t<\/div>\n\t\t\t\t\t<\/div>\n\t\t<\/div>\n\t\t\t\t<div class=\"elementor-column elementor-col-50 elementor-top-column elementor-element elementor-element-f3db282\" data-id=\"f3db282\" data-element_type=\"column\">\n\t\t\t<div class=\"elementor-widget-wrap elementor-element-populated\">\n\t\t\t\t\t\t\t\t<div class=\"elementor-element elementor-element-e341741 elementor-widget elementor-widget-shortcode\" data-id=\"e341741\" data-element_type=\"widget\" data-widget_type=\"shortcode.default\">\n\t\t\t\t<div class=\"elementor-widget-container\">\n\t\t\t\t\t<div class=\"elementor-shortcode\"><div role=\"form\" class=\"wpcf7\" id=\"wpcf7-f250-o1\" lang=\"fr-FR\" dir=\"ltr\">\n<div class=\"screen-reader-response\"><p role=\"status\" aria-live=\"polite\" aria-atomic=\"true\"><\/p> <ul><\/ul><\/div>\n<form action=\"\/fr\/wp-json\/wp\/v2\/pages\/245#wpcf7-f250-o1\" method=\"post\" class=\"wpcf7-form init\" novalidate=\"novalidate\" data-status=\"init\">\n<div style=\"display: none;\">\n<input type=\"hidden\" name=\"_wpcf7\" value=\"250\" \/>\n<input type=\"hidden\" name=\"_wpcf7_version\" value=\"5.6.3\" \/>\n<input type=\"hidden\" name=\"_wpcf7_locale\" value=\"fr_FR\" \/>\n<input type=\"hidden\" name=\"_wpcf7_unit_tag\" value=\"wpcf7-f250-o1\" \/>\n<input type=\"hidden\" name=\"_wpcf7_container_post\" value=\"0\" \/>\n<input type=\"hidden\" name=\"_wpcf7_posted_data_hash\" value=\"\" \/>\n<input type=\"hidden\" name=\"_wpcf7_recaptcha_response\" value=\"\" \/>\n<\/div>\n<div class =\"contact-form-wrapper>\n<div class=\"single-row\">\n<div class=\"single-column\">\n    <span class=\"wpcf7-form-control-wrap\" data-name=\"your-name\"><input type=\"text\" name=\"your-name\" value=\"\" size=\"40\" class=\"wpcf7-form-control wpcf7-text wpcf7-validates-as-required\" aria-required=\"true\" aria-invalid=\"false\" placeholder=\"Votre nom\" \/><\/span>\n<\/div>\n<div class=\"single-column\">\n    <span class=\"wpcf7-form-control-wrap\" data-name=\"your-email\"><input type=\"email\" name=\"your-email\" value=\"\" size=\"40\" class=\"wpcf7-form-control wpcf7-text wpcf7-email wpcf7-validates-as-required wpcf7-validates-as-email\" aria-required=\"true\" aria-invalid=\"false\" placeholder=\"E-mail\" \/><\/span>\n<\/div>\n<\/div>\n<div class=\"single-row\">\n    <span class=\"wpcf7-form-control-wrap\" data-name=\"your-subject\"><input type=\"text\" name=\"your-subject\" value=\"\" size=\"40\" class=\"wpcf7-form-control wpcf7-text wpcf7-validates-as-required\" aria-required=\"true\" aria-invalid=\"false\" placeholder=\"Sujet\" \/><\/span>\n<\/div>\n<div class=\"single-row\">\n    <span class=\"wpcf7-form-control-wrap\" data-name=\"your-message\"><textarea name=\"your-message\" cols=\"40\" rows=\"10\" class=\"wpcf7-form-control wpcf7-textarea\" aria-invalid=\"false\" placeholder=\"Un message\"><\/textarea><\/span>\n<\/div>\n<div class=\"single-row\">\n<input type=\"submit\" value=\"ENVOYER\" class=\"wpcf7-form-control has-spinner wpcf7-submit\" \/>\n<\/div>\n<div class=\"wpcf7-response-output\" aria-hidden=\"true\"><\/div><\/form><\/div><\/div>\n\t\t\t\t<\/div>\n\t\t\t\t<\/div>\n\t\t\t\t\t<\/div>\n\t\t<\/div>\n\t\t\t\t\t\t\t<\/div>\n\t\t<\/section>\n\t\t\t\t\t\t\t<\/div>\n\t\t","protected":false},"excerpt":{"rendered":"<p>VOS PR\u00c9F\u00c9RENCES NOS SOLUTIONS NOUS SOMMES PARFAITS ENSEMBLE&#8230; Adresse Ba\u015fkent Organize Sanayi B\u00f6lgesi Recep Tayyip Erdo\u011fan Bulvar\u0131 No:15 Mal\u0131k\u00f6y \u2013 Sincan Ankara \/ T\u00fcrkiye \u00a0 Email Adresse export@celmaksan.com celmaksan@celmaksan.com \u00a0 T\u00e9l\u00e9phone. Non: +90(312) 640 14 40\u00a0&#8211;\u00a0+90(312) 640 14 44<\/p>\n","protected":false},"author":1,"featured_media":0,"parent":0,"menu_order":0,"comment_status":"closed","ping_status":"closed","template":"elementor_header_footer","meta":[],"_links":{"self":[{"href":"https:\/\/celmaksan.com\/fr\/wp-json\/wp\/v2\/pages\/245"}],"collection":[{"href":"https:\/\/celmaksan.com\/fr\/wp-json\/wp\/v2\/pages"}],"about":[{"href":"https:\/\/celmaksan.com\/fr\/wp-json\/wp\/v2\/types\/page"}],"author":[{"embeddable":true,"href":"https:\/\/celmaksan.com\/fr\/wp-json\/wp\/v2\/users\/1"}],"replies":[{"embeddable":true,"href":"https:\/\/celmaksan.com\/fr\/wp-json\/wp\/v2\/comments?post=245"}],"version-history":[{"count":34,"href":"https:\/\/celmaksan.com\/fr\/wp-json\/wp\/v2\/pages\/245\/revisions"}],"predecessor-version":[{"id":359,"href":"https:\/\/celmaksan.com\/fr\/wp-json\/wp\/v2\/pages\/245\/revisions\/359"}],"wp:attachment":[{"href":"https:\/\/celmaksan.com\/fr\/wp-json\/wp\/v2\/media?parent=245"}],"curies":[{"name":"wp","href":"https:\/\/api.w.org\/{rel}","templated":true}]}}